{"id":185,"date":"2023-12-20T12:57:10","date_gmt":"2023-12-20T11:57:10","guid":{"rendered":"http:\/\/lesamisante.fr\/?page_id=185"},"modified":"2026-04-01T23:25:58","modified_gmt":"2026-04-01T21:25:58","slug":"accueil","status":"publish","type":"page","link":"https:\/\/lesamisante.fr\/","title":{"rendered":""},"content":{"rendered":"\n<div class=\"wp-block-columns is-layout-flex wp-container-core-columns-is-layout-9d6595d7 wp-block-columns-is-layout-flex\">\n<div class=\"wp-block-column is-layout-flow wp-block-column-is-layout-flow\"><div class=\"wp-block-image\">\n<figure class=\"aligncenter size-large is-resized\"><img loading=\"lazy\" decoding=\"async\" width=\"768\" height=\"1024\" src=\"https:\/\/lesamisante.fr\/wp-content\/uploads\/2026\/02\/Couverture-Les-Amisante-VF-768x1024.jpg\" alt=\"\" class=\"wp-image-336\" style=\"width:auto;height:400px\" srcset=\"https:\/\/lesamisante.fr\/wp-content\/uploads\/2026\/02\/Couverture-Les-Amisante-VF-768x1024.jpg 768w, https:\/\/lesamisante.fr\/wp-content\/uploads\/2026\/02\/Couverture-Les-Amisante-VF-225x300.jpg 225w, https:\/\/lesamisante.fr\/wp-content\/uploads\/2026\/02\/Couverture-Les-Amisante-VF-300x400.jpg 300w, https:\/\/lesamisante.fr\/wp-content\/uploads\/2026\/02\/Couverture-Les-Amisante-VF-600x800.jpg 600w, https:\/\/lesamisante.fr\/wp-content\/uploads\/2026\/02\/Couverture-Les-Amisante-VF.jpg 944w\" sizes=\"auto, (max-width: 768px) 100vw, 768px\" \/><\/figure>\n<\/div><\/div>\n\n\n\n<div class=\"wp-block-column is-vertically-aligned-stretch has-background is-layout-flow wp-block-column-is-layout-flow\" style=\"background-color:#f7f4f4\">\n<h2 class=\"wp-block-heading has-text-align-center\">La BD qui explique le handicap aux enfants et aux parents<\/h2>\n\n\n\n<h5 class=\"wp-block-heading has-text-align-center\"><mark style=\"background-color:rgba(0, 0, 0, 0);color:#2e2e2e\" class=\"has-inline-color\">Expliquer le handicap \u00e0 un enfant n\u2019est pas toujours \u00e9vident.<br>Les mots manquent, les questions surprennent.<br>Les Amisant\u00e9 est une bande dessin\u00e9e pens\u00e9e pour ouvrir le dialogue simplement, avec douceur et p\u00e9dagogie.<br>Un support accessible pour les familles et les \u00e9coles.<\/mark><\/h5>\n\n\n\n<div style=\"height:20px\" aria-hidden=\"true\" class=\"wp-block-spacer\"><\/div>\n\n\n\n<div class=\"wp-block-buttons is-horizontal is-content-justification-center is-layout-flex wp-container-core-buttons-is-layout-499968f5 wp-block-buttons-is-layout-flex\">\n<div class=\"wp-block-button\"><a class=\"wp-block-button__link has-background wp-element-button\" href=\"https:\/\/lesamisante.fr\/?post_type=product\" style=\"background-color:#cc6666\">Acheter la BD<\/a><\/div>\n<\/div>\n\n\n\n<div style=\"height:50px\" aria-hidden=\"true\" class=\"wp-block-spacer\"><\/div>\n\n\n\n<div class=\"wp-block-buttons is-content-justification-center is-layout-flex wp-container-core-buttons-is-layout-062f0008 wp-block-buttons-is-layout-flex\">\n<div class=\"wp-block-button\"><a class=\"wp-block-button__link has-background wp-element-button\" href=\"https:\/\/lesamisante.fr\/?page_id=324\" style=\"background-color:#cc6666\">D\u00e9couvrir la BD<\/a><\/div>\n<\/div>\n<\/div>\n<\/div>\n\n\n\n<div style=\"height:56px\" aria-hidden=\"true\" class=\"wp-block-spacer\"><\/div>\n\n\n\n<div class=\"wp-block-cover is-light has-custom-content-position is-position-top-center\"><span aria-hidden=\"true\" class=\"wp-block-cover__background has-white-background-color has-background-dim-100 has-background-dim\"><\/span><div class=\"wp-block-cover__inner-container is-layout-constrained wp-block-cover-is-layout-constrained\">\n<h1 class=\"wp-block-heading has-text-align-center has-large-font-size\">Ce projet a \u00e9t\u00e9 r\u00e9alis\u00e9 en collaboration avec :<\/h1>\n\n\n\n<div class=\"wp-block-columns is-layout-flex wp-container-core-columns-is-layout-9d6595d7 wp-block-columns-is-layout-flex\">\n<div class=\"wp-block-column is-vertically-aligned-center is-layout-flow wp-block-column-is-layout-flow\">\n<div class=\"wp-block-columns is-layout-flex wp-container-core-columns-is-layout-9d6595d7 wp-block-columns-is-layout-flex\">\n<div class=\"wp-block-column is-layout-flow wp-block-column-is-layout-flow\">\n<figure class=\"wp-block-image size-large is-resized\"><img loading=\"lazy\" decoding=\"async\" width=\"1024\" height=\"643\" src=\"https:\/\/lesamisante.fr\/wp-content\/uploads\/2026\/04\/logo_APF-1024x643.png\" alt=\"\" class=\"wp-image-460\" style=\"aspect-ratio:1.592562209461307;width:162px;height:auto\" srcset=\"https:\/\/lesamisante.fr\/wp-content\/uploads\/2026\/04\/logo_APF-1024x643.png 1024w, https:\/\/lesamisante.fr\/wp-content\/uploads\/2026\/04\/logo_APF-300x188.png 300w, https:\/\/lesamisante.fr\/wp-content\/uploads\/2026\/04\/logo_APF-768x482.png 768w, https:\/\/lesamisante.fr\/wp-content\/uploads\/2026\/04\/logo_APF-600x377.png 600w, https:\/\/lesamisante.fr\/wp-content\/uploads\/2026\/04\/logo_APF.png 1280w\" sizes=\"auto, (max-width: 1024px) 100vw, 1024px\" \/><\/figure>\n<\/div>\n\n\n\n<div class=\"wp-block-column is-layout-flow wp-block-column-is-layout-flow\">\n<figure class=\"wp-block-image size-large\"><img loading=\"lazy\" decoding=\"async\" width=\"1024\" height=\"562\" src=\"https:\/\/lesamisante.fr\/wp-content\/uploads\/2026\/04\/logo_valentin_hauy-1024x562.png\" alt=\"\" class=\"wp-image-461\" srcset=\"https:\/\/lesamisante.fr\/wp-content\/uploads\/2026\/04\/logo_valentin_hauy-1024x562.png 1024w, https:\/\/lesamisante.fr\/wp-content\/uploads\/2026\/04\/logo_valentin_hauy-300x165.png 300w, https:\/\/lesamisante.fr\/wp-content\/uploads\/2026\/04\/logo_valentin_hauy-768x421.png 768w, https:\/\/lesamisante.fr\/wp-content\/uploads\/2026\/04\/logo_valentin_hauy-1536x843.png 1536w, https:\/\/lesamisante.fr\/wp-content\/uploads\/2026\/04\/logo_valentin_hauy-600x329.png 600w, https:\/\/lesamisante.fr\/wp-content\/uploads\/2026\/04\/logo_valentin_hauy.png 1976w\" sizes=\"auto, (max-width: 1024px) 100vw, 1024px\" \/><\/figure>\n<\/div>\n<\/div>\n<\/div>\n\n\n\n<div class=\"wp-block-column is-vertically-aligned-center is-layout-flow wp-block-column-is-layout-flow\">\n<div class=\"wp-block-columns is-layout-flex wp-container-core-columns-is-layout-9d6595d7 wp-block-columns-is-layout-flex\">\n<div class=\"wp-block-column is-layout-flow wp-block-column-is-layout-flow\">\n<figure class=\"wp-block-image size-full\"><img loading=\"lazy\" decoding=\"async\" width=\"573\" height=\"350\" src=\"https:\/\/lesamisante.fr\/wp-content\/uploads\/2026\/04\/logo_hypersupers_tdah.png\" alt=\"\" class=\"wp-image-464\" srcset=\"https:\/\/lesamisante.fr\/wp-content\/uploads\/2026\/04\/logo_hypersupers_tdah.png 573w, https:\/\/lesamisante.fr\/wp-content\/uploads\/2026\/04\/logo_hypersupers_tdah-300x183.png 300w\" sizes=\"auto, (max-width: 573px) 100vw, 573px\" \/><\/figure>\n<\/div>\n\n\n\n<div class=\"wp-block-column is-layout-flow wp-block-column-is-layout-flow\">\n<figure class=\"wp-block-image size-full is-resized\"><img loading=\"lazy\" decoding=\"async\" width=\"386\" height=\"304\" src=\"https:\/\/lesamisante.fr\/wp-content\/uploads\/2026\/04\/logo_FFSA.png\" alt=\"\" class=\"wp-image-466\" style=\"aspect-ratio:1.269813583342418;width:149px;height:auto\" srcset=\"https:\/\/lesamisante.fr\/wp-content\/uploads\/2026\/04\/logo_FFSA.png 386w, https:\/\/lesamisante.fr\/wp-content\/uploads\/2026\/04\/logo_FFSA-300x236.png 300w\" sizes=\"auto, (max-width: 386px) 100vw, 386px\" \/><\/figure>\n<\/div>\n<\/div>\n<\/div>\n<\/div>\n\n\n\n<div class=\"wp-block-columns alignwide is-layout-flex wp-container-core-columns-is-layout-9d6595d7 wp-block-columns-is-layout-flex\">\n<div class=\"wp-block-column is-layout-flow wp-block-column-is-layout-flow\">\n<figure class=\"wp-block-image size-large is-resized\"><img loading=\"lazy\" decoding=\"async\" width=\"1024\" height=\"529\" src=\"https:\/\/lesamisante.fr\/wp-content\/uploads\/2026\/04\/logo_horizontal_fondn_falret-1024x529.png\" alt=\"\" class=\"wp-image-465\" style=\"aspect-ratio:1.935902052574721;width:234px;height:auto\" srcset=\"https:\/\/lesamisante.fr\/wp-content\/uploads\/2026\/04\/logo_horizontal_fondn_falret-1024x529.png 1024w, https:\/\/lesamisante.fr\/wp-content\/uploads\/2026\/04\/logo_horizontal_fondn_falret-300x155.png 300w, https:\/\/lesamisante.fr\/wp-content\/uploads\/2026\/04\/logo_horizontal_fondn_falret-768x397.png 768w, https:\/\/lesamisante.fr\/wp-content\/uploads\/2026\/04\/logo_horizontal_fondn_falret-600x310.png 600w, https:\/\/lesamisante.fr\/wp-content\/uploads\/2026\/04\/logo_horizontal_fondn_falret.png 1417w\" sizes=\"auto, (max-width: 1024px) 100vw, 1024px\" \/><\/figure>\n<\/div>\n\n\n\n<div class=\"wp-block-column is-vertically-aligned-center is-layout-flow wp-block-column-is-layout-flow\">\n<figure class=\"wp-block-image size-large\"><img loading=\"lazy\" decoding=\"async\" width=\"1024\" height=\"364\" src=\"https:\/\/lesamisante.fr\/wp-content\/uploads\/2026\/04\/logo_unanimes_bleu-1-1024x364.png\" alt=\"\" class=\"wp-image-463\" style=\"aspect-ratio:2.8135990621336457\" srcset=\"https:\/\/lesamisante.fr\/wp-content\/uploads\/2026\/04\/logo_unanimes_bleu-1-1024x364.png 1024w, https:\/\/lesamisante.fr\/wp-content\/uploads\/2026\/04\/logo_unanimes_bleu-1-300x107.png 300w, https:\/\/lesamisante.fr\/wp-content\/uploads\/2026\/04\/logo_unanimes_bleu-1-768x273.png 768w, https:\/\/lesamisante.fr\/wp-content\/uploads\/2026\/04\/logo_unanimes_bleu-1-600x213.png 600w, https:\/\/lesamisante.fr\/wp-content\/uploads\/2026\/04\/logo_unanimes_bleu-1.png 1280w\" sizes=\"auto, (max-width: 1024px) 100vw, 1024px\" \/><\/figure>\n<\/div>\n\n\n\n<div class=\"wp-block-column is-layout-flow wp-block-column-is-layout-flow\">\n<figure class=\"wp-block-image size-large is-resized\"><img loading=\"lazy\" decoding=\"async\" width=\"1024\" height=\"614\" src=\"https:\/\/lesamisante.fr\/wp-content\/uploads\/2026\/04\/logo_dDYS_2025-1024x614.png\" alt=\"\" class=\"wp-image-467\" style=\"aspect-ratio:1.667838676318511;width:167px;height:auto\" srcset=\"https:\/\/lesamisante.fr\/wp-content\/uploads\/2026\/04\/logo_dDYS_2025-1024x614.png 1024w, https:\/\/lesamisante.fr\/wp-content\/uploads\/2026\/04\/logo_dDYS_2025-300x180.png 300w, https:\/\/lesamisante.fr\/wp-content\/uploads\/2026\/04\/logo_dDYS_2025-768x461.png 768w, https:\/\/lesamisante.fr\/wp-content\/uploads\/2026\/04\/logo_dDYS_2025-600x360.png 600w, https:\/\/lesamisante.fr\/wp-content\/uploads\/2026\/04\/logo_dDYS_2025.png 1280w\" sizes=\"auto, (max-width: 1024px) 100vw, 1024px\" \/><\/figure>\n<\/div>\n<\/div>\n<\/div><\/div>\n","protected":false},"excerpt":{"rendered":"<p>La BD qui explique le handicap aux enfants et aux parents Expliquer le handicap \u00e0 un enfant n\u2019est pas toujours \u00e9vident.Les mots manquent, les questions surprennent.Les Amisant\u00e9 est une bande dessin\u00e9e pens\u00e9e pour ouvrir le dialogue simplement, avec douceur et p\u00e9dagogie.Un support accessible pour les familles et les \u00e9coles.<\/p>\n","protected":false},"author":2,"featured_media":0,"parent":0,"menu_order":0,"comment_status":"closed","ping_status":"closed","template":"","meta":{"footnotes":""},"class_list":["post-185","page","type-page","status-publish","hentry","entry","owp-thumbs-layout-horizontal","owp-btn-normal","owp-tabs-layout-horizontal","has-no-thumbnails","has-product-nav"],"_links":{"self":[{"href":"https:\/\/lesamisante.fr\/index.php?rest_route=\/wp\/v2\/pages\/185","targetHints":{"allow":["GET"]}}],"collection":[{"href":"https:\/\/lesamisante.fr\/index.php?rest_route=\/wp\/v2\/pages"}],"about":[{"href":"https:\/\/lesamisante.fr\/index.php?rest_route=\/wp\/v2\/types\/page"}],"author":[{"embeddable":true,"href":"https:\/\/lesamisante.fr\/index.php?rest_route=\/wp\/v2\/users\/2"}],"replies":[{"embeddable":true,"href":"https:\/\/lesamisante.fr\/index.php?rest_route=%2Fwp%2Fv2%2Fcomments&post=185"}],"version-history":[{"count":64,"href":"https:\/\/lesamisante.fr\/index.php?rest_route=\/wp\/v2\/pages\/185\/revisions"}],"predecessor-version":[{"id":497,"href":"https:\/\/lesamisante.fr\/index.php?rest_route=\/wp\/v2\/pages\/185\/revisions\/497"}],"wp:attachment":[{"href":"https:\/\/lesamisante.fr\/index.php?rest_route=%2Fwp%2Fv2%2Fmedia&parent=185"}],"curies":[{"name":"wp","href":"https:\/\/api.w.org\/{rel}","templated":true}]}}